{"id":90,"date":"2025-04-27T14:51:42","date_gmt":"2025-04-27T14:51:42","guid":{"rendered":"https:\/\/ghostshadows.nl\/?page_id=90"},"modified":"2025-04-27T14:51:42","modified_gmt":"2025-04-27T14:51:42","slug":"films","status":"publish","type":"page","link":"https:\/\/ghostshadows.nl\/index.php\/spook\/spookpoppen\/de-poppen\/annabelle\/films\/","title":{"rendered":"Films"},"content":{"rendered":"<p>Annabelle zorgde voor inspiratie voor vele films, zo werden de makers van sw Amerikaanse horrorfilm &#8216;The Conjuring&#8217; uit 2013 ge\u00efnspireerd voor de openingssc\u00e8ne. In de openingssc\u00e8ne verschijnt er een aangepaste vorm van de pop. In 2014 kwam er een spin-off over &#8216;Annabelle&#8217; uit. Na de eerste film &#8216;Annabelle&#8217; kwamen er ook nog een deel 2, deze kwam in 2017 uit, en 3, deze kwam in 2019 uit.<\/p>\n<p>Ook verscheen de pop kort in verschillende films zoals:<\/p>\n<ul>\n<li>The Conjuring 2 van James Wan uit 2016<\/li>\n<li>Aquaman uit 2018<\/li>\n<li>The Curse of La Llorona<\/li>\n<li>Stripboekbewerking Shazam!<\/li>\n<\/ul>\n","protected":false},"excerpt":{"rendered":"<p>Annabelle zorgde voor inspiratie voor vele films, zo werden de makers van sw Amerikaanse horrorfilm &#8216;The Conjuring&#8217; uit 2013 ge\u00efnspireerd<\/p>\n<p><a href=\"https:\/\/ghostshadows.nl\/index.php\/spook\/spookpoppen\/de-poppen\/annabelle\/films\/\" class=\"more-link\">Verder lezen<span class=\"screen-reader-text\">Films<\/span><\/a><\/p>\n","protected":false},"author":1,"featured_media":0,"parent":69,"menu_order":0,"comment_status":"closed","ping_status":"closed","template":"","meta":{"footnotes":""},"class_list":["post-90","page","type-page","status-publish","hentry"],"_links":{"self":[{"href":"https:\/\/ghostshadows.nl\/index.php\/wp-json\/wp\/v2\/pages\/90","targetHints":{"allow":["GET"]}}],"collection":[{"href":"https:\/\/ghostshadows.nl\/index.php\/wp-json\/wp\/v2\/pages"}],"about":[{"href":"https:\/\/ghostshadows.nl\/index.php\/wp-json\/wp\/v2\/types\/page"}],"author":[{"embeddable":true,"href":"https:\/\/ghostshadows.nl\/index.php\/wp-json\/wp\/v2\/users\/1"}],"replies":[{"embeddable":true,"href":"https:\/\/ghostshadows.nl\/index.php\/wp-json\/wp\/v2\/comments?post=90"}],"version-history":[{"count":1,"href":"https:\/\/ghostshadows.nl\/index.php\/wp-json\/wp\/v2\/pages\/90\/revisions"}],"predecessor-version":[{"id":91,"href":"https:\/\/ghostshadows.nl\/index.php\/wp-json\/wp\/v2\/pages\/90\/revisions\/91"}],"up":[{"embeddable":true,"href":"https:\/\/ghostshadows.nl\/index.php\/wp-json\/wp\/v2\/pages\/69"}],"wp:attachment":[{"href":"https:\/\/ghostshadows.nl\/index.php\/wp-json\/wp\/v2\/media?parent=90"}],"curies":[{"name":"wp","href":"https:\/\/api.w.org\/{rel}","templated":true}]}}